{"id":2,"date":"2025-06-17T10:43:26","date_gmt":"2025-06-17T10:43:26","guid":{"rendered":"https:\/\/portibus.rkinformatika.online\/?page_id=2"},"modified":"2025-06-20T13:58:36","modified_gmt":"2025-06-20T13:58:36","slug":"inicio","status":"publish","type":"page","link":"https:\/\/portibus.es\/eu\/","title":{"rendered":"Hasiera"},"content":{"rendered":"<div data-elementor-type=\"wp-page\" data-elementor-id=\"2\" class=\"elementor elementor-2\" data-elementor-post-type=\"page\">\n\t\t\t\t<div class=\"elementor-element elementor-element-c63f9ee e-con-full e-flex e-con e-parent\" data-id=\"c63f9ee\" data-element_type=\"container\" data-e-type=\"container\" data-settings=\"{&quot;background_background&quot;:&quot;classic&quot;}\">\n\t\t\t\t<\/div>\n\t\t<div class=\"elementor-element elementor-element-036b82d e-flex e-con-boxed e-con e-parent\" data-id=\"036b82d\" data-element_type=\"container\" data-e-type=\"container\">\n\t\t\t\t\t<div class=\"e-con-inner\">\n\t\t\t\t<div class=\"elementor-element elementor-element-9d02fe0 elementor-widget elementor-widget-heading\" data-id=\"9d02fe0\" data-element_type=\"widget\" data-e-type=\"widget\" data-widget_type=\"heading.default\">\n\t\t\t\t<div class=\"elementor-widget-container\">\n\t\t\t\t\t<h2 class=\"elementor-heading-title elementor-size-default\">Guri buruz<\/h2>\t\t\t\t<\/div>\n\t\t\t\t<\/div>\n\t\t\t\t<div class=\"elementor-element elementor-element-c5c6c6b elementor-widget elementor-widget-heading\" data-id=\"c5c6c6b\" data-element_type=\"widget\" data-e-type=\"widget\" data-widget_type=\"heading.default\">\n\t\t\t\t<div class=\"elementor-widget-container\">\n\t\t\t\t\t<h2 class=\"elementor-heading-title elementor-size-default\">Bidaiarien errepideko garraioa \u2013 Tradizioa, konfiantza eta kalitatea bidean\n\n<\/h2>\t\t\t\t<\/div>\n\t\t\t\t<\/div>\n\t\t\t\t<div class=\"elementor-element elementor-element-ef826b6 elementor-widget__width-initial elementor-widget elementor-widget-text-editor\" data-id=\"ef826b6\" data-element_type=\"widget\" data-e-type=\"widget\" data-widget_type=\"text-editor.default\">\n\t\t\t\t<div class=\"elementor-widget-container\">\n\t\t\t\t\t\t\t\t\t<p data-start=\"156\" data-end=\"534\">1986ko otsailaren 28an sortua, gure enpresa pertsonak segurtasunez, erosotasunez eta puntualtasunez zerbitzatu eta konektatzeko grina zuen familia baten ametsetik eta dedikaziotik jaio zen. Ia lau hamarkadatan zehar, bidaiarien errepideko garraioaren sektorean, ospe sendoa eraiki dugu, bikaintasunarekiko konpromisoan eta xehetasun bakoitzari arreta ematean oinarrituta.<\/p><p data-start=\"536\" data-end=\"861\">Gaur egun, harrotasunez, hirugarren belaunaldiaren zuzendaritzapean jarraitzen dugu, beti gidatu gaituzten balioak bizirik mantenduz: konfiantza, bezeroekiko hurbiltasuna eta gure zerbitzuen etengabeko hobekuntza. Egindako kilometro bakoitzak gure bidaiarien erantzukizun, berrikuntza eta zaintzaren historia bat kontatzen du.<\/p><p data-start=\"863\" data-end=\"1211\">Zure beharretara egokitutako zerbitzu ugari eskaintzen ditugu:<\/p><p data-start=\"863\" data-end=\"1211\"><br data-start=\"934\" data-end=\"937\" \/>\ud83d\ude8c <strong data-start=\"940\" data-end=\"979\">Eskola-ibilbide seguruak eta puntualak<\/strong><br data-start=\"979\" data-end=\"982\" \/>\ud83c\udfed <strong data-start=\"985\" data-end=\"1028\">Lantegietarako eta langileentzako garraioa<\/strong><br data-start=\"1028\" data-end=\"1031\" \/>\ud83d\udc8d <strong data-start=\"1034\" data-end=\"1088\">Ezkontzetarako eta ekitaldi berezietarako zerbitzu esklusiboa<\/strong><br data-start=\"1088\" data-end=\"1091\" \/>\ud83c\udf89 <strong data-start=\"1094\" data-end=\"1144\">Erosotasun osoz agurtzea eta ospatzea<\/strong><br data-start=\"1144\" data-end=\"1147\" \/>\ud83c\udfeb <strong data-start=\"1150\" data-end=\"1211\">Antolamendurik eta segurtasunik handieneko eskola-txangoak<\/strong><\/p><p data-start=\"863\" data-end=\"1211\">\u00a0<\/p><p data-start=\"1213\" data-end=\"1428\">Gure enpresa aukeratzea bestelako esperientzia baten alde egitea da, non bidaiariaren ongizatea gure lehentasuna den beti. Prest gaude bidaia bakoitza lasai, seguru eta ahaztezin egiteko.<\/p><p data-start=\"1430\" data-end=\"1533\">Gure historiaren parte da. <strong data-start=\"1463\" data-end=\"1533\">\u00a1Viaja con quienes entienden de carretera, tradici\u00f3n y compromiso!<\/strong><\/p>\t\t\t\t\t\t\t\t<\/div>\n\t\t\t\t<\/div>\n\t\t\t\t\t<\/div>\n\t\t\t\t<\/div>\n\t\t<div class=\"elementor-element elementor-element-1da588b e-con-full e-flex e-con e-parent\" data-id=\"1da588b\" data-element_type=\"container\" data-e-type=\"container\">\n\t\t\t\t<div class=\"elementor-element elementor-element-a1437d4 elementor-arrows-position-inside elementor-pagination-position-outside elementor-widget elementor-widget-image-carousel\" data-id=\"a1437d4\" data-element_type=\"widget\" data-e-type=\"widget\" data-settings=\"{&quot;slides_to_show&quot;:&quot;5&quot;,&quot;slides_to_show_tablet&quot;:&quot;3&quot;,&quot;image_spacing_custom&quot;:{&quot;unit&quot;:&quot;px&quot;,&quot;size&quot;:3,&quot;sizes&quot;:[]},&quot;navigation&quot;:&quot;both&quot;,&quot;autoplay&quot;:&quot;yes&quot;,&quot;autoplay_speed&quot;:5000,&quot;infinite&quot;:&quot;yes&quot;,&quot;speed&quot;:500,&quot;image_spacing_custom_tablet&quot;:{&quot;unit&quot;:&quot;px&quot;,&quot;size&quot;:&quot;&quot;,&quot;sizes&quot;:[]},&quot;image_spacing_custom_mobile&quot;:{&quot;unit&quot;:&quot;px&quot;,&quot;size&quot;:&quot;&quot;,&quot;sizes&quot;:[]}}\" data-widget_type=\"image-carousel.default\">\n\t\t\t\t<div class=\"elementor-widget-container\">\n\t\t\t\t\t\t\t<div class=\"elementor-image-carousel-wrapper swiper\" role=\"region\" aria-roledescription=\"carousel\" aria-label=\"Carrusel de im\u00e1genes\" dir=\"ltr\">\n\t\t\t<div class=\"elementor-image-carousel swiper-wrapper\" aria-live=\"off\">\n\t\t\t\t\t\t\t\t<div class=\"swiper-slide\" role=\"group\" aria-roledescription=\"slide\" aria-label=\"1 of 14\" data-no-translation-aria-label=\"\"><a data-elementor-open-lightbox=\"yes\" data-elementor-lightbox-slideshow=\"a1437d4\" data-elementor-lightbox-title=\"portibus1\" data-e-action-hash=\"#elementor-action%3Aaction%3Dlightbox%26settings%3DeyJpZCI6MjIzLCJ1cmwiOiJodHRwczpcL1wvcG9ydGlidXMuZXNcL3dwLWNvbnRlbnRcL3VwbG9hZHNcLzIwMjVcLzA2XC9wb3J0aWJ1czEuanBnIiwic2xpZGVzaG93IjoiYTE0MzdkNCJ9\" href=\"https:\/\/portibus.es\/wp-content\/uploads\/2025\/06\/portibus1.jpg\"><figure class=\"swiper-slide-inner\"><img decoding=\"async\" class=\"swiper-slide-image\" src=\"https:\/\/portibus.es\/wp-content\/uploads\/2025\/06\/portibus1.jpg\" alt=\"portibus1\" \/><\/figure><\/a><\/div><div class=\"swiper-slide\" role=\"group\" aria-roledescription=\"slide\" aria-label=\"2 of 14\" data-no-translation-aria-label=\"\"><a data-elementor-open-lightbox=\"yes\" data-elementor-lightbox-slideshow=\"a1437d4\" data-elementor-lightbox-title=\"portibus2\" data-e-action-hash=\"#elementor-action%3Aaction%3Dlightbox%26settings%3DeyJpZCI6MjI0LCJ1cmwiOiJodHRwczpcL1wvcG9ydGlidXMuZXNcL3dwLWNvbnRlbnRcL3VwbG9hZHNcLzIwMjVcLzA2XC9wb3J0aWJ1czIuanBnIiwic2xpZGVzaG93IjoiYTE0MzdkNCJ9\" href=\"https:\/\/portibus.es\/wp-content\/uploads\/2025\/06\/portibus2.jpg\"><figure class=\"swiper-slide-inner\"><img decoding=\"async\" class=\"swiper-slide-image\" src=\"https:\/\/portibus.es\/wp-content\/uploads\/2025\/06\/portibus2.jpg\" alt=\"portibus2\" \/><\/figure><\/a><\/div><div class=\"swiper-slide\" role=\"group\" aria-roledescription=\"slide\" aria-label=\"3 of 14\" data-no-translation-aria-label=\"\"><a data-elementor-open-lightbox=\"yes\" data-elementor-lightbox-slideshow=\"a1437d4\" data-elementor-lightbox-title=\"portibus3\" data-e-action-hash=\"#elementor-action%3Aaction%3Dlightbox%26settings%3DeyJpZCI6MjI1LCJ1cmwiOiJodHRwczpcL1wvcG9ydGlidXMuZXNcL3dwLWNvbnRlbnRcL3VwbG9hZHNcLzIwMjVcLzA2XC9wb3J0aWJ1czMuanBnIiwic2xpZGVzaG93IjoiYTE0MzdkNCJ9\" href=\"https:\/\/portibus.es\/wp-content\/uploads\/2025\/06\/portibus3.jpg\"><figure class=\"swiper-slide-inner\"><img decoding=\"async\" class=\"swiper-slide-image\" src=\"https:\/\/portibus.es\/wp-content\/uploads\/2025\/06\/portibus3.jpg\" alt=\"portibus3\" \/><\/figure><\/a><\/div><div class=\"swiper-slide\" role=\"group\" aria-roledescription=\"slide\" aria-label=\"4 of 14\" data-no-translation-aria-label=\"\"><a data-elementor-open-lightbox=\"yes\" data-elementor-lightbox-slideshow=\"a1437d4\" data-elementor-lightbox-title=\"portibus4\" data-e-action-hash=\"#elementor-action%3Aaction%3Dlightbox%26settings%3DeyJpZCI6MjI2LCJ1cmwiOiJodHRwczpcL1wvcG9ydGlidXMuZXNcL3dwLWNvbnRlbnRcL3VwbG9hZHNcLzIwMjVcLzA2XC9wb3J0aWJ1czQuanBnIiwic2xpZGVzaG93IjoiYTE0MzdkNCJ9\" href=\"https:\/\/portibus.es\/wp-content\/uploads\/2025\/06\/portibus4.jpg\"><figure class=\"swiper-slide-inner\"><img decoding=\"async\" class=\"swiper-slide-image\" src=\"https:\/\/portibus.es\/wp-content\/uploads\/2025\/06\/portibus4.jpg\" alt=\"portibus4\" \/><\/figure><\/a><\/div><div class=\"swiper-slide\" role=\"group\" aria-roledescription=\"slide\" aria-label=\"5 of 14\" data-no-translation-aria-label=\"\"><a data-elementor-open-lightbox=\"yes\" data-elementor-lightbox-slideshow=\"a1437d4\" data-elementor-lightbox-title=\"portibus5\" data-e-action-hash=\"#elementor-action%3Aaction%3Dlightbox%26settings%3DeyJpZCI6MjI3LCJ1cmwiOiJodHRwczpcL1wvcG9ydGlidXMuZXNcL3dwLWNvbnRlbnRcL3VwbG9hZHNcLzIwMjVcLzA2XC9wb3J0aWJ1czUuanBnIiwic2xpZGVzaG93IjoiYTE0MzdkNCJ9\" href=\"https:\/\/portibus.es\/wp-content\/uploads\/2025\/06\/portibus5.jpg\"><figure class=\"swiper-slide-inner\"><img decoding=\"async\" class=\"swiper-slide-image\" src=\"https:\/\/portibus.es\/wp-content\/uploads\/2025\/06\/portibus5.jpg\" alt=\"portibus5\" \/><\/figure><\/a><\/div><div class=\"swiper-slide\" role=\"group\" aria-roledescription=\"slide\" aria-label=\"6 of 14\" data-no-translation-aria-label=\"\"><a data-elementor-open-lightbox=\"yes\" data-elementor-lightbox-slideshow=\"a1437d4\" data-elementor-lightbox-title=\"portibus6\" data-e-action-hash=\"#elementor-action%3Aaction%3Dlightbox%26settings%3DeyJpZCI6MjI4LCJ1cmwiOiJodHRwczpcL1wvcG9ydGlidXMuZXNcL3dwLWNvbnRlbnRcL3VwbG9hZHNcLzIwMjVcLzA2XC9wb3J0aWJ1czYuanBnIiwic2xpZGVzaG93IjoiYTE0MzdkNCJ9\" href=\"https:\/\/portibus.es\/wp-content\/uploads\/2025\/06\/portibus6.jpg\"><figure class=\"swiper-slide-inner\"><img decoding=\"async\" class=\"swiper-slide-image\" src=\"https:\/\/portibus.es\/wp-content\/uploads\/2025\/06\/portibus6.jpg\" alt=\"portibus6\" \/><\/figure><\/a><\/div><div class=\"swiper-slide\" role=\"group\" aria-roledescription=\"slide\" aria-label=\"7 of 14\" data-no-translation-aria-label=\"\"><a data-elementor-open-lightbox=\"yes\" data-elementor-lightbox-slideshow=\"a1437d4\" data-elementor-lightbox-title=\"portibus7\" data-e-action-hash=\"#elementor-action%3Aaction%3Dlightbox%26settings%3DeyJpZCI6MjI5LCJ1cmwiOiJodHRwczpcL1wvcG9ydGlidXMuZXNcL3dwLWNvbnRlbnRcL3VwbG9hZHNcLzIwMjVcLzA2XC9wb3J0aWJ1czcuanBnIiwic2xpZGVzaG93IjoiYTE0MzdkNCJ9\" href=\"https:\/\/portibus.es\/wp-content\/uploads\/2025\/06\/portibus7.jpg\"><figure class=\"swiper-slide-inner\"><img decoding=\"async\" class=\"swiper-slide-image\" src=\"https:\/\/portibus.es\/wp-content\/uploads\/2025\/06\/portibus7.jpg\" alt=\"portibus7\" \/><\/figure><\/a><\/div><div class=\"swiper-slide\" role=\"group\" aria-roledescription=\"slide\" aria-label=\"8 of 14\" data-no-translation-aria-label=\"\"><a data-elementor-open-lightbox=\"yes\" data-elementor-lightbox-slideshow=\"a1437d4\" data-elementor-lightbox-title=\"portibus8\" data-e-action-hash=\"#elementor-action%3Aaction%3Dlightbox%26settings%3DeyJpZCI6MjMwLCJ1cmwiOiJodHRwczpcL1wvcG9ydGlidXMuZXNcL3dwLWNvbnRlbnRcL3VwbG9hZHNcLzIwMjVcLzA2XC9wb3J0aWJ1czguanBnIiwic2xpZGVzaG93IjoiYTE0MzdkNCJ9\" href=\"https:\/\/portibus.es\/wp-content\/uploads\/2025\/06\/portibus8.jpg\"><figure class=\"swiper-slide-inner\"><img decoding=\"async\" class=\"swiper-slide-image\" src=\"https:\/\/portibus.es\/wp-content\/uploads\/2025\/06\/portibus8.jpg\" alt=\"portibus8\" \/><\/figure><\/a><\/div><div class=\"swiper-slide\" role=\"group\" aria-roledescription=\"slide\" aria-label=\"9 of 14\" data-no-translation-aria-label=\"\"><a data-elementor-open-lightbox=\"yes\" data-elementor-lightbox-slideshow=\"a1437d4\" data-elementor-lightbox-title=\"portibus9\" data-e-action-hash=\"#elementor-action%3Aaction%3Dlightbox%26settings%3DeyJpZCI6MjMxLCJ1cmwiOiJodHRwczpcL1wvcG9ydGlidXMuZXNcL3dwLWNvbnRlbnRcL3VwbG9hZHNcLzIwMjVcLzA2XC9wb3J0aWJ1czkuanBnIiwic2xpZGVzaG93IjoiYTE0MzdkNCJ9\" href=\"https:\/\/portibus.es\/wp-content\/uploads\/2025\/06\/portibus9.jpg\"><figure class=\"swiper-slide-inner\"><img decoding=\"async\" class=\"swiper-slide-image\" src=\"https:\/\/portibus.es\/wp-content\/uploads\/2025\/06\/portibus9.jpg\" alt=\"portibus9\" \/><\/figure><\/a><\/div><div class=\"swiper-slide\" role=\"group\" aria-roledescription=\"slide\" aria-label=\"10 of 14\" data-no-translation-aria-label=\"\"><a data-elementor-open-lightbox=\"yes\" data-elementor-lightbox-slideshow=\"a1437d4\" data-elementor-lightbox-title=\"portibus10\" data-e-action-hash=\"#elementor-action%3Aaction%3Dlightbox%26settings%3DeyJpZCI6MjMyLCJ1cmwiOiJodHRwczpcL1wvcG9ydGlidXMuZXNcL3dwLWNvbnRlbnRcL3VwbG9hZHNcLzIwMjVcLzA2XC9wb3J0aWJ1czEwLmpwZyIsInNsaWRlc2hvdyI6ImExNDM3ZDQifQ%3D%3D\" href=\"https:\/\/portibus.es\/wp-content\/uploads\/2025\/06\/portibus10.jpg\"><figure class=\"swiper-slide-inner\"><img decoding=\"async\" class=\"swiper-slide-image\" src=\"https:\/\/portibus.es\/wp-content\/uploads\/2025\/06\/portibus10.jpg\" alt=\"portibus10\" \/><\/figure><\/a><\/div><div class=\"swiper-slide\" role=\"group\" aria-roledescription=\"slide\" aria-label=\"11 of 14\" data-no-translation-aria-label=\"\"><a data-elementor-open-lightbox=\"yes\" data-elementor-lightbox-slideshow=\"a1437d4\" data-elementor-lightbox-title=\"portibus11\" data-e-action-hash=\"#elementor-action%3Aaction%3Dlightbox%26settings%3DeyJpZCI6MjMzLCJ1cmwiOiJodHRwczpcL1wvcG9ydGlidXMuZXNcL3dwLWNvbnRlbnRcL3VwbG9hZHNcLzIwMjVcLzA2XC9wb3J0aWJ1czExLmpwZyIsInNsaWRlc2hvdyI6ImExNDM3ZDQifQ%3D%3D\" href=\"https:\/\/portibus.es\/wp-content\/uploads\/2025\/06\/portibus11.jpg\"><figure class=\"swiper-slide-inner\"><img decoding=\"async\" class=\"swiper-slide-image\" src=\"https:\/\/portibus.es\/wp-content\/uploads\/2025\/06\/portibus11.jpg\" alt=\"portibus11\" \/><\/figure><\/a><\/div><div class=\"swiper-slide\" role=\"group\" aria-roledescription=\"slide\" aria-label=\"12 of 14\" data-no-translation-aria-label=\"\"><a data-elementor-open-lightbox=\"yes\" data-elementor-lightbox-slideshow=\"a1437d4\" data-elementor-lightbox-title=\"portibus12\" data-e-action-hash=\"#elementor-action%3Aaction%3Dlightbox%26settings%3DeyJpZCI6MjM0LCJ1cmwiOiJodHRwczpcL1wvcG9ydGlidXMuZXNcL3dwLWNvbnRlbnRcL3VwbG9hZHNcLzIwMjVcLzA2XC9wb3J0aWJ1czEyLmpwZyIsInNsaWRlc2hvdyI6ImExNDM3ZDQifQ%3D%3D\" href=\"https:\/\/portibus.es\/wp-content\/uploads\/2025\/06\/portibus12.jpg\"><figure class=\"swiper-slide-inner\"><img decoding=\"async\" class=\"swiper-slide-image\" src=\"https:\/\/portibus.es\/wp-content\/uploads\/2025\/06\/portibus12.jpg\" alt=\"portibus12\" \/><\/figure><\/a><\/div><div class=\"swiper-slide\" role=\"group\" aria-roledescription=\"slide\" aria-label=\"13 of 14\" data-no-translation-aria-label=\"\"><a data-elementor-open-lightbox=\"yes\" data-elementor-lightbox-slideshow=\"a1437d4\" data-elementor-lightbox-title=\"portibus13\" data-e-action-hash=\"#elementor-action%3Aaction%3Dlightbox%26settings%3DeyJpZCI6MjM1LCJ1cmwiOiJodHRwczpcL1wvcG9ydGlidXMuZXNcL3dwLWNvbnRlbnRcL3VwbG9hZHNcLzIwMjVcLzA2XC9wb3J0aWJ1czEzLmpwZyIsInNsaWRlc2hvdyI6ImExNDM3ZDQifQ%3D%3D\" href=\"https:\/\/portibus.es\/wp-content\/uploads\/2025\/06\/portibus13.jpg\"><figure class=\"swiper-slide-inner\"><img decoding=\"async\" class=\"swiper-slide-image\" src=\"https:\/\/portibus.es\/wp-content\/uploads\/2025\/06\/portibus13.jpg\" alt=\"portibus13\" \/><\/figure><\/a><\/div><div class=\"swiper-slide\" role=\"group\" aria-roledescription=\"slide\" aria-label=\"14 of 14\" data-no-translation-aria-label=\"\"><a data-elementor-open-lightbox=\"yes\" data-elementor-lightbox-slideshow=\"a1437d4\" data-elementor-lightbox-title=\"portibus14\" data-e-action-hash=\"#elementor-action%3Aaction%3Dlightbox%26settings%3DeyJpZCI6MjM2LCJ1cmwiOiJodHRwczpcL1wvcG9ydGlidXMuZXNcL3dwLWNvbnRlbnRcL3VwbG9hZHNcLzIwMjVcLzA2XC9wb3J0aWJ1czE0LmpwZyIsInNsaWRlc2hvdyI6ImExNDM3ZDQifQ%3D%3D\" href=\"https:\/\/portibus.es\/wp-content\/uploads\/2025\/06\/portibus14.jpg\"><figure class=\"swiper-slide-inner\"><img decoding=\"async\" class=\"swiper-slide-image\" src=\"https:\/\/portibus.es\/wp-content\/uploads\/2025\/06\/portibus14.jpg\" alt=\"portibus14\" \/><\/figure><\/a><\/div>\t\t\t<\/div>\n\t\t\t\t\t\t\t\t\t\t\t\t<div class=\"elementor-swiper-button elementor-swiper-button-prev\" role=\"button\" tabindex=\"0\">\n\t\t\t\t\t\t<svg aria-hidden=\"true\" class=\"e-font-icon-svg e-eicon-chevron-left\" viewbox=\"0 0 1000 1000\" xmlns=\"http:\/\/www.w3.org\/2000\/svg\"><path d=\"M646 125C629 125 613 133 604 142L308 442C296 454 292 471 292 487 292 504 296 521 308 533L604 854C617 867 629 875 646 875 663 875 679 871 692 858 704 846 713 829 713 812 713 796 708 779 692 767L438 487 692 225C700 217 708 204 708 187 708 171 704 154 692 142 675 129 663 125 646 125Z\"><\/path><\/svg>\t\t\t\t\t<\/div>\n\t\t\t\t\t<div class=\"elementor-swiper-button elementor-swiper-button-next\" role=\"button\" tabindex=\"0\">\n\t\t\t\t\t\t<svg aria-hidden=\"true\" class=\"e-font-icon-svg e-eicon-chevron-right\" viewbox=\"0 0 1000 1000\" xmlns=\"http:\/\/www.w3.org\/2000\/svg\"><path d=\"M696 533C708 521 713 504 713 487 713 471 708 454 696 446L400 146C388 133 375 125 354 125 338 125 325 129 313 142 300 154 292 171 292 187 292 204 296 221 308 233L563 492 304 771C292 783 288 800 288 817 288 833 296 850 308 863 321 871 338 875 354 875 371 875 388 867 400 854L696 533Z\"><\/path><\/svg>\t\t\t\t\t<\/div>\n\t\t\t\t\n\t\t\t\t\t\t\t\t\t<div class=\"swiper-pagination\"><\/div>\n\t\t\t\t\t\t\t\t\t<\/div>\n\t\t\t\t\t\t<\/div>\n\t\t\t\t<\/div>\n\t\t\t\t<\/div>\n\t\t\t\t<\/div>","protected":false},"excerpt":{"rendered":"<p>Sobre nosotros Transporte de Viajeros por Carretera \u2013 Tradici\u00f3n, Confianza y Calidad en el Camino Fundada el 28 de febrero de 1986, nuestra empresa naci\u00f3 del sue\u00f1o y la dedicaci\u00f3n de una familia apasionada por servir y conectar personas con seguridad, comodidad y puntualidad. A lo largo de casi cuatro d\u00e9cadas en el sector del [&hellip;]<\/p>\n","protected":false},"author":1,"featured_media":0,"parent":0,"menu_order":0,"comment_status":"closed","ping_status":"closed","template":"","meta":{"footnotes":""},"class_list":["post-2","page","type-page","status-publish","hentry"],"yoast_head":"<!-- This site is optimized with the Yoast SEO plugin v27.3 - https:\/\/yoast.com\/product\/yoast-seo-wordpress\/ -->\n<title>Inicio - PORTIBUS SL<\/title>\n<meta name=\"robots\" content=\"index, follow, max-snippet:-1, max-image-preview:large, max-video-preview:-1\" \/>\n<link rel=\"canonical\" href=\"https:\/\/portibus.es\/eu\/\" \/>\n<meta property=\"og:locale\" content=\"en_US\" \/>\n<meta property=\"og:type\" content=\"article\" \/>\n<meta property=\"og:title\" content=\"Inicio - PORTIBUS SL\" \/>\n<meta property=\"og:description\" content=\"Sobre nosotros Transporte de Viajeros por Carretera \u2013 Tradici\u00f3n, Confianza y Calidad en el Camino Fundada el 28 de febrero de 1986, nuestra empresa naci\u00f3 del sue\u00f1o y la dedicaci\u00f3n de una familia apasionada por servir y conectar personas con seguridad, comodidad y puntualidad. A lo largo de casi cuatro d\u00e9cadas en el sector del [&hellip;]\" \/>\n<meta property=\"og:url\" content=\"https:\/\/portibus.es\/eu\/\" \/>\n<meta property=\"og:site_name\" content=\"PORTIBUS SL\" \/>\n<meta property=\"article:modified_time\" content=\"2025-06-20T13:58:36+00:00\" \/>\n<meta property=\"og:image\" content=\"https:\/\/portibus.es\/wp-content\/uploads\/2025\/06\/portibus1.jpg\" \/>\n<meta name=\"twitter:card\" content=\"summary_large_image\" \/>\n<meta name=\"twitter:label1\" content=\"Est. reading time\" \/>\n\t<meta name=\"twitter:data1\" content=\"7 minutua\" \/>\n<script type=\"application\/ld+json\" class=\"yoast-schema-graph\">{\"@context\":\"https:\\\/\\\/schema.org\",\"@graph\":[{\"@type\":\"WebPage\",\"@id\":\"https:\\\/\\\/portibus.es\\\/\",\"url\":\"https:\\\/\\\/portibus.es\\\/\",\"name\":\"Inicio - PORTIBUS SL\",\"isPartOf\":{\"@id\":\"https:\\\/\\\/portibus.es\\\/#website\"},\"primaryImageOfPage\":{\"@id\":\"https:\\\/\\\/portibus.es\\\/#primaryimage\"},\"image\":{\"@id\":\"https:\\\/\\\/portibus.es\\\/#primaryimage\"},\"thumbnailUrl\":\"https:\\\/\\\/portibus.es\\\/wp-content\\\/uploads\\\/2025\\\/06\\\/portibus1.jpg\",\"datePublished\":\"2025-06-17T10:43:26+00:00\",\"dateModified\":\"2025-06-20T13:58:36+00:00\",\"breadcrumb\":{\"@id\":\"https:\\\/\\\/portibus.es\\\/#breadcrumb\"},\"inLanguage\":\"eu\",\"potentialAction\":[{\"@type\":\"ReadAction\",\"target\":[\"https:\\\/\\\/portibus.es\\\/\"]}]},{\"@type\":\"ImageObject\",\"inLanguage\":\"eu\",\"@id\":\"https:\\\/\\\/portibus.es\\\/#primaryimage\",\"url\":\"https:\\\/\\\/portibus.es\\\/wp-content\\\/uploads\\\/2025\\\/06\\\/portibus1.jpg\",\"contentUrl\":\"https:\\\/\\\/portibus.es\\\/wp-content\\\/uploads\\\/2025\\\/06\\\/portibus1.jpg\"},{\"@type\":\"BreadcrumbList\",\"@id\":\"https:\\\/\\\/portibus.es\\\/#breadcrumb\",\"itemListElement\":[{\"@type\":\"ListItem\",\"position\":1,\"name\":\"Portada\",\"item\":\"https:\\\/\\\/portibus.es\\\/\"},{\"@type\":\"ListItem\",\"position\":2,\"name\":\"Inicio\"}]},{\"@type\":\"WebSite\",\"@id\":\"https:\\\/\\\/portibus.es\\\/#website\",\"url\":\"https:\\\/\\\/portibus.es\\\/\",\"name\":\"PORTIBUS SL\",\"description\":\"\",\"publisher\":{\"@id\":\"https:\\\/\\\/portibus.es\\\/#organization\"},\"potentialAction\":[{\"@type\":\"SearchAction\",\"target\":{\"@type\":\"EntryPoint\",\"urlTemplate\":\"https:\\\/\\\/portibus.es\\\/?s={search_term_string}\"},\"query-input\":{\"@type\":\"PropertyValueSpecification\",\"valueRequired\":true,\"valueName\":\"search_term_string\"}}],\"inLanguage\":\"eu\"},{\"@type\":\"Organization\",\"@id\":\"https:\\\/\\\/portibus.es\\\/#organization\",\"name\":\"PORTIBUS SL\",\"url\":\"https:\\\/\\\/portibus.es\\\/\",\"logo\":{\"@type\":\"ImageObject\",\"inLanguage\":\"eu\",\"@id\":\"https:\\\/\\\/portibus.es\\\/#\\\/schema\\\/logo\\\/image\\\/\",\"url\":\"https:\\\/\\\/portibus.es\\\/wp-content\\\/uploads\\\/2025\\\/06\\\/cropped-Portibus-logo_Mesa-de-trabajo-1.png\",\"contentUrl\":\"https:\\\/\\\/portibus.es\\\/wp-content\\\/uploads\\\/2025\\\/06\\\/cropped-Portibus-logo_Mesa-de-trabajo-1.png\",\"width\":1838,\"height\":492,\"caption\":\"PORTIBUS SL\"},\"image\":{\"@id\":\"https:\\\/\\\/portibus.es\\\/#\\\/schema\\\/logo\\\/image\\\/\"}}]}<\/script>\n<!-- \/ Yoast SEO plugin. -->","yoast_head_json":{"title":"Inicio - PORTIBUS SL","robots":{"index":"index","follow":"follow","max-snippet":"max-snippet:-1","max-image-preview":"max-image-preview:large","max-video-preview":"max-video-preview:-1"},"canonical":"https:\/\/portibus.es\/eu\/","og_locale":"en_US","og_type":"article","og_title":"Inicio - PORTIBUS SL","og_description":"Sobre nosotros Transporte de Viajeros por Carretera \u2013 Tradici\u00f3n, Confianza y Calidad en el Camino Fundada el 28 de febrero de 1986, nuestra empresa naci\u00f3 del sue\u00f1o y la dedicaci\u00f3n de una familia apasionada por servir y conectar personas con seguridad, comodidad y puntualidad. A lo largo de casi cuatro d\u00e9cadas en el sector del [&hellip;]","og_url":"https:\/\/portibus.es\/eu\/","og_site_name":"PORTIBUS SL","article_modified_time":"2025-06-20T13:58:36+00:00","og_image":[{"url":"https:\/\/portibus.es\/wp-content\/uploads\/2025\/06\/portibus1.jpg","type":"","width":"","height":""}],"twitter_card":"summary_large_image","twitter_misc":{"Est. reading time":"7 minutua"},"schema":{"@context":"https:\/\/schema.org","@graph":[{"@type":"WebPage","@id":"https:\/\/portibus.es\/","url":"https:\/\/portibus.es\/","name":"Inicio - PORTIBUS SL","isPartOf":{"@id":"https:\/\/portibus.es\/#website"},"primaryImageOfPage":{"@id":"https:\/\/portibus.es\/#primaryimage"},"image":{"@id":"https:\/\/portibus.es\/#primaryimage"},"thumbnailUrl":"https:\/\/portibus.es\/wp-content\/uploads\/2025\/06\/portibus1.jpg","datePublished":"2025-06-17T10:43:26+00:00","dateModified":"2025-06-20T13:58:36+00:00","breadcrumb":{"@id":"https:\/\/portibus.es\/#breadcrumb"},"inLanguage":"eu","potentialAction":[{"@type":"ReadAction","target":["https:\/\/portibus.es\/"]}]},{"@type":"ImageObject","inLanguage":"eu","@id":"https:\/\/portibus.es\/#primaryimage","url":"https:\/\/portibus.es\/wp-content\/uploads\/2025\/06\/portibus1.jpg","contentUrl":"https:\/\/portibus.es\/wp-content\/uploads\/2025\/06\/portibus1.jpg"},{"@type":"BreadcrumbList","@id":"https:\/\/portibus.es\/#breadcrumb","itemListElement":[{"@type":"ListItem","position":1,"name":"Portada","item":"https:\/\/portibus.es\/"},{"@type":"ListItem","position":2,"name":"Inicio"}]},{"@type":"WebSite","@id":"https:\/\/portibus.es\/#website","url":"https:\/\/portibus.es\/","name":"PORTIBUS SL","description":"","publisher":{"@id":"https:\/\/portibus.es\/#organization"},"potentialAction":[{"@type":"SearchAction","target":{"@type":"EntryPoint","urlTemplate":"https:\/\/portibus.es\/?s={search_term_string}"},"query-input":{"@type":"PropertyValueSpecification","valueRequired":true,"valueName":"search_term_string"}}],"inLanguage":"eu"},{"@type":"Organization","@id":"https:\/\/portibus.es\/#organization","name":"PORTIBUS SL","url":"https:\/\/portibus.es\/","logo":{"@type":"ImageObject","inLanguage":"eu","@id":"https:\/\/portibus.es\/#\/schema\/logo\/image\/","url":"https:\/\/portibus.es\/wp-content\/uploads\/2025\/06\/cropped-Portibus-logo_Mesa-de-trabajo-1.png","contentUrl":"https:\/\/portibus.es\/wp-content\/uploads\/2025\/06\/cropped-Portibus-logo_Mesa-de-trabajo-1.png","width":1838,"height":492,"caption":"PORTIBUS SL"},"image":{"@id":"https:\/\/portibus.es\/#\/schema\/logo\/image\/"}}]}},"_links":{"self":[{"href":"https:\/\/portibus.es\/eu\/wp-json\/wp\/v2\/pages\/2","targetHints":{"allow":["GET"]}}],"collection":[{"href":"https:\/\/portibus.es\/eu\/wp-json\/wp\/v2\/pages"}],"about":[{"href":"https:\/\/portibus.es\/eu\/wp-json\/wp\/v2\/types\/page"}],"author":[{"embeddable":true,"href":"https:\/\/portibus.es\/eu\/wp-json\/wp\/v2\/users\/1"}],"replies":[{"embeddable":true,"href":"https:\/\/portibus.es\/eu\/wp-json\/wp\/v2\/comments?post=2"}],"version-history":[{"count":28,"href":"https:\/\/portibus.es\/eu\/wp-json\/wp\/v2\/pages\/2\/revisions"}],"predecessor-version":[{"id":239,"href":"https:\/\/portibus.es\/eu\/wp-json\/wp\/v2\/pages\/2\/revisions\/239"}],"wp:attachment":[{"href":"https:\/\/portibus.es\/eu\/wp-json\/wp\/v2\/media?parent=2"}],"curies":[{"name":"wp","href":"https:\/\/api.w.org\/{rel}","templated":true}]}}